{"id":211,"date":"2024-08-01T14:43:37","date_gmt":"2024-08-01T14:43:37","guid":{"rendered":"https:\/\/sticvng.cat\/aviso-legal-y-condiciones-generales-de-uso\/"},"modified":"2024-08-29T14:50:22","modified_gmt":"2024-08-29T14:50:22","slug":"aviso-legal-y-condiciones-generales-de-uso","status":"publish","type":"page","link":"https:\/\/sticvng.cat\/es\/aviso-legal-y-condiciones-generales-de-uso\/","title":{"rendered":"AVISO LEGAL Y CONDICIONES GENERALES DE USO"},"content":{"rendered":"\n<h4 class=\"wp-block-heading\">www.sticvng.com<\/h4>\n\n<h3 class=\"wp-block-heading\">I. INFORMACI\u00d3N GENERAL<\/h3>\n\n<p>En cumplimiento con el deber de informaci\u00f3n dispuesto en la Ley 34\/2002 de Servicios de la Sociedad de la Informaci\u00f3n y el Comercio Electr\u00f3nico (LSSI-CE) de 11 de julio, se facilitan a continuaci\u00f3n los siguientes datos de informaci\u00f3n general del mismo sitio web :<\/p>\n\n<p>La titularidad de este sitio web,www.sticvng.com, (en adelante, Sitio Web) la ostenta:PAU JOAN SOLER CUCURELLA, con NIF:52425177N, y cuyos datos de contacto son:<\/p>\n\n<p>La titularidad de este sitio web, www.sticvng.com, (en adelante, Sitio Web) la ostenta: , provista de NIF: e inscrita en: con las siguientes datos registrales: , cuyo representante es: , y cuyas datos de contacto son :<\/p>\n\n<p>Direcci\u00f3n:Calle de las Hermanas Rosell, 14 08800 Barcelona Espa\u00f1a<\/p>\n\n<p>Tel\u00e9fono de contacto:607342229<\/p>\n\n<p>Fax:<\/p>\n\n<p>Email de contacto:<\/p>\n\n<h3 class=\"wp-block-heading\">II. T\u00c9RMINOS Y CONDICIONES GENERALES DE USO <\/h3>\n\n<h4 class=\"wp-block-heading\">El objeto de las condiciones: El Sitio Web<\/h4>\n\n<p>El objeto de estas Condiciones Generales de Uso (en adelante, Condiciones) es regular el acceso y la utilizaci\u00f3n del Sitio Web. A efectos de las presentes Condiciones se entender\u00e1 como Sitio Web: la apariencia externa de las interfaces de pantalla, tanto de forma est\u00e1tica como de forma din\u00e1mica, es decir, el \u00e1rbol de navegaci\u00f3n; y todos los elementos integrados tanto en las interfaces de pantalla como en el \u00e1rbol de navegaci\u00f3n (en adelante, Contenidos) y todos aquellos servicios o recursos online que en su caso ofrezca a los Usuarios (en adelante, Servicios). <\/p>\n\n<p>Sicvng jardineriaes reserva la facultad de modificar, en cualquier momento, y sin previo aviso, la presentaci\u00f3n y configuraci\u00f3n del Sitio Web y de los Contenidos y Servicios que pudieran estar incorporados. El Usuario reconoce y acepta que en cualquier momento Sicvng jardineria pueda interrumpir, desactivar y\/o cancelar cualquiera de estos elementos que se integran en el Sitio Web o acceder a ellos. <\/p>\n\n<p>El acceso al Sitio Web por el Usuario tiene car\u00e1cter libre y, por regla general, es gratuito sin que el Usuario deba proporcionar una contraprestaci\u00f3n para poder disfrutarlo, salvo el coste de conexi\u00f3n a trav\u00e9s de la red de telecomunicaciones suministrada por el proveedor de acceso que haya contratado el usuario.<\/p>\n\n<p>Aparte del coste de conexi\u00f3n a trav\u00e9s de la red de telecomunicaciones suministrada por el proveedor de acceso, y que hubiera contratado el Usuario, algunos de los Contenidos o Servicios ofrecidos por Sicvng jardiner\u00eda o, en su caso, terceros a trav\u00e9s del Sitio Web pueden encontrarse sujetos a la contrataci\u00f3n previa del Contenido o Servicio, en cuyo caso se especificar\u00e1 de forma clara y\/o se pondr\u00e1 a disposici\u00f3n del Usuario las correspondiente Condiciones Generales o Particulares por las que esto se rija.<\/p>\n\n<p>La utilizaci\u00f3n de alguno de los Contenidos o Servicios del Sitio Web podr\u00e1 hacerse mediante la suscripci\u00f3n o registro previo del Usuario.<\/p>\n\n<p>La utilizaci\u00f3n de los contenidos no requiere previa suscripci\u00f3n o registro.<\/p>\n\n<h4 class=\"wp-block-heading\">El Usuario<\/h4>\n\n<p>El acceso, navegaci\u00f3n y uso del Sitio Web, confiere la condici\u00f3n de Usuario, por lo que se aceptan, desde que se inicia la navegaci\u00f3n por el Sitio Web, todas las Condiciones aqu\u00ed establecidas, as\u00ed como las modificaciones ulteriores, sin perjuicio de la aplicaci\u00f3n de la correspondiente normativa legal de obligado cumplimiento seg\u00fan el caso. Dada la relevancia de lo anterior, se recomienda al Usuario leerlas cada vez que visite el Sitio Web.as\u00ed como por los espacios habilitados para interactuar entre los Usuarios, y el Usuario y Sicvng jardiner\u00eda, como los comentarios y\/o espacios de blogging, <\/p>\n\n<p>El Sitio Web deSicvng jardiner\u00edaproporciona una gran diversidad de informaci\u00f3n, servicios y datos. El Usuario asume su responsabilidad por hacer un uso correcto del Sitio Web. Esta responsabilidad se extender\u00e1 a:  <\/p>\n\n<ul class=\"wp-block-list\">\n<li>Un uso de la informaci\u00f3n, Contenidos y\/o Servicios y datos ofrecidos por Sicvng jardineria sin que sea contrario a lo dispuesto por las presentes Condiciones, la Ley, la moral o el orden p\u00fablico, o que de cualquier otro modo puedan suponer lesi\u00f3n de los derechos de terceros o del mismo funcionamiento del Sitio Web.<\/li>\n\n\n\n<li>La veracidad y licitud de las informaciones aportadas por el Usuario en los formularios extendidos por Sicvng jardiner\u00eda para el acceso a ciertos Contenidos o Servicios ofrecidos por el Sitio Web. En todo caso, el Usuario notificar\u00e1 de forma inmediata a Sicvng jardiner\u00eda acerca de cualquier hecho que permita el uso indebido de la informaci\u00f3n registrada en dichos formularios, tales como, pero no s\u00f3lo, el robo, extrav\u00edo, o el acceso no autorizado a identificadores y \/o contrase\u00f1as, con el fin de proceder a su inmediata cancelaci\u00f3n. <\/li>\n<\/ul>\n\n<p>Sicvng jardineria se reserva el derecho de retirar todos aquellos comentarios y aportaciones que vulneren la ley, el respeto a la dignidad de la persona, que sean discriminatorios, xen\u00f3fobos, racistas, pornogr\u00e1ficos, spamming, que atentan contra la juventud o la infancia, el orden o la seguridad p\u00fablica o que, a su juicio, no resultar\u00e1n adecuados para su publicaci\u00f3n.<\/p>\n\n<p>En cualquier caso, Sicvng jardiner\u00eda no ser\u00e1 responsable de las opiniones vertidas por los usuarios a trav\u00e9s de comentarios u otras herramientas de blogging o de participaci\u00f3n que pueda haber.<\/p>\n\n<p>El mero acceso a este Sitio Web no supone entablar ning\u00fan tipo de relaci\u00f3n de car\u00e1cter comercial entre Sicvng jardineria y el Usuario.<\/p>\n\n<p>El Usuario declara ser mayor de edad y disponer de la capacidad jur\u00eddica suficiente para vincularse por las presentes Condiciones. Por tanto, este Sitio Web de Sicvng jardiner\u00eda no se dirige a menores de edad. Sicvng jardineria declina cualquier responsabilidad por el incumplimiento de este requisito.  <\/p>\n\n<p>Siempre en el respeto de la legislaci\u00f3n vigente, este Sitio Web de Sicvng jardiner\u00eda se dirige a todas las personas, sin importar su edad, que puedan acceder y\/o navegar por las p\u00e1ginas del Sitio Web.<\/p>\n\n<p>El Sitio Web est\u00e1 dirigido principalmente a Usuarios residentes en Espa\u00f1a. Sicvng jardiner\u00eda no asegura que el Sitio Web cumple con legislaciones de otros pa\u00edses, ya sea total o parcialmente. Si el Usuario reside o tiene su domiciliado en otro sitio y decide acceder y\/o navegar en el Sitio Web lo har\u00e1 bajo su propia responsabilidad, deber\u00e1 asegurarse de que tal acceso y navegaci\u00f3n cumple con la legislaci\u00f3n local que le es aplicable, no asumiendo Sicvng jardiner\u00eda responsabilidad alguna que pueda derivarse de dicho acceso.  <\/p>\n\n<h3 class=\"wp-block-heading\">III. ACCESO Y NAVEGACI\u00d3N EN EL SITIO WEB: EXCLUSI\u00d3N DE GARANT\u00cdAS Y RESPONSABILIDAD <\/h3>\n\n<p>Sicvng jardineria no garantiza la continuidad, disponibilidad y utilidad del Sitio Web, ni de los Contenidos o Servicios. Sicvng jardiner\u00eda har\u00e1 todo lo posible por el buen funcionamiento del Sitio Web, sin embargo, no se responsabiliza ni garantiza que el acceso a este Sitio Web no vaya a ser ininterrumpido o que est\u00e9 libre de error. <\/p>\n\n<p>Tampoco se responsabiliza o garantiza que el contenido o software al que pueda accederse a trav\u00e9s de este Sitio Web, est\u00e9 libre de error o cause un da\u00f1o al sistema inform\u00e1tico (software y hardware) del Usuario. En ning\u00fan caso Sicvng jardiner\u00eda ser\u00e1 responsable por las p\u00e9rdidas, da\u00f1os o perjudicios de cualquier tipo que surjan por el acceso, navegaci\u00f3n y uso del Sitio Web, incluy\u00e9ndose, pero no limit\u00e1ndose, a los ocasionados a los sistemas inform\u00e1ticos o los provocados por la introducci\u00f3n de virus. <\/p>\n\n<p>Sicvng jardineria tampoco se hace responsable de los da\u00f1os que pudieran ocasionarse a los usuarios por un uso inadecuado de este Sitio Web. En particular, no se hace responsable en modo alguno de las ca\u00eddas, interrupciones, falta o defecto de las telecomunicaciones que pudieran ocurrir. <\/p>\n\n<h3 class=\"wp-block-heading\">IV. POL\u00cdTICA DE ENLACES <\/h3>\n\n<p>Se informa que el Sitio Web de Sicvng jardiner\u00eda pon o puede poner a disposici\u00f3n de los usuarios medios de enlace (como, entre otros, links, banners, botones), directorios y motores de b\u00fasqueda que permiten a los usuarios acceder a sitios web pertenecientes y \/o gestionados por terceros.<\/p>\n\n<p>La instalaci\u00f3n de estos enlaces, directorios y motores de b\u00fasqueda en el Sitio Web tiene por objeto facilitar a los Usuarios la b\u00fasqueda de y acceso a la informaci\u00f3n disponible en Internet, sin que pueda considerarse una sugerencia, recomendaci\u00f3n o invitaci\u00f3n para la visita de los mismos .<\/p>\n\n<p>Sicvng jardineria no ofrece ni comercializa por s\u00ed ni por medio de terceros los productos y\/o servicios disponibles en dichos sitios enlazados.<\/p>\n\n<p>Sicvng jardineria ofrece contenidos patrocinados, anuncios y\/o enlaces de afiliados. La informaci\u00f3n que aparece en estos enlaces de afiliados o los anuncios insertados, son facilitados por los propios anunciantes, por lo que Sicvng jardiner\u00eda no se hace responsable de posibles inexactitudes o errores que pudieran contener los anuncios, ni garantiza en modo alguno la experiencia, integridad o responsabilidad de los anunciantes o la calidad de sus productos y\/o servicios. <\/p>\n\n<p>Asimismo, tampoco garantizar\u00e1 la disponibilidad t\u00e9cnica, exactitud, veracidad, validez o legalidad de sitios ajenos a su propiedad a los que se pueda acceder por medio de los enlaces.<\/p>\n\n<p>Sicvng jardiner\u00eda en ning\u00fan caso revisar\u00e1 o controlar\u00e1 el contenido de otros sitios web, as\u00ed como tampoco aprueba, examina ni hace propios los productos y servicios, contenidos, archivos y cualquier otro material existente en los referidos sitios enlazados.<\/p>\n\n<p>Sicvng jardineria no asume ninguna responsabilidad por los da\u00f1os y perjuicios que pudieran producirse por el acceso, uso, calidad o licitud de los contenidos, comunicaciones, opiniones, productos y servicios de los sitios web no gestionados por Sicvng jardineria y que sean enlazados en este Sitio Web.<\/p>\n\n<p>El Usuario o tercero que realice un hiperv\u00ednculo desde una p\u00e1gina web de otro, distinguido, sitio web en el Sitio Web de Sicvng jardiner\u00eda deber\u00e1 saber que:<\/p>\n\n<p>No se permite la reproducci\u00f3n \u2014total o parcialmente\u2014 de ninguno de los Contenidos y\/o Servicios del Sitio Web sin autorizaci\u00f3n expresa de Sicvng jardineria.<\/p>\n\n<p>No se permite tampoco ninguna manifestaci\u00f3n falsa, inexacta o incorrecta sobre el Sitio Web de Sicvng jardiner\u00eda, ni sobre los Contenidos y\/o Servicios del mismo.<\/p>\n\n<p>A excepci\u00f3n del hiperv\u00ednculo, el sitio web en el que se establezca dicho hiperenlace no contendr\u00e1 ning\u00fan elemento, de este Sitio Web, protegido como propiedad intelectual por el ordenamiento jur\u00eddico espa\u00f1ol, salvo autorizaci\u00f3n expresa de Sicvng jardineria.<\/p>\n\n<p>El establecimiento del hiperv\u00ednculo no implicar\u00e1 la existencia de relaciones entre Sicvng jardiner\u00eda y el titular del sitio web desde el que se realice, ni el conocimiento y aceptaci\u00f3n de Sicvng jardiner\u00eda de los contenidos, servicios y\/o actividades ofrecidas en dicho sitio web, y viceversa .<\/p>\n\n<h3 class=\"wp-block-heading\">V. PROPIEDAD INTELECTUAL E INDUSTRIAL<\/h3>\n\n<p>Sicvng jardiner\u00eda por s\u00ed o como parte cesionaria, es titular de todos los derechos de propiedad intelectual e industrial del Sitio Web, as\u00ed como de los elementos contenidos en el mismo (a t\u00edtulo enunciativo y no exhaustivo, im\u00e1genes, sonido, audio, v\u00eddeo, software o textos, marcas o logotipos, combinaciones de colores, estructura y dise\u00f1o, selecci\u00f3n de materiales usados, programas de ordenador necesarios para su funcionamiento, acceso y uso, etc.). Ser\u00e1n, por consiguiente, obras protegidas como propiedad intelectual por el ordenamiento jur\u00eddico espa\u00f1ol, siendo aplicables tanto la normativa espa\u00f1ola y comunitaria en este campo, como los tratados internacionales relativos a la materia y suscritos por Espa\u00f1a. <\/p>\n\n<p>Todos los derechos reservados. En virtud de lo dispuesto en la Ley de propiedad intelectual, quedan expresamente prohibidas la reproducci\u00f3n, distribuci\u00f3n y comunicaci\u00f3n p\u00fablica, incluida su modalidad de puesta a disposici\u00f3n, de la totalidad o parte de los contenidos de esta p\u00e1gina web, con fines comerciales, en cualquier soporte y por cualquier medio t\u00e9cnico, sin la autorizaci\u00f3n deSicvng jardiner\u00eda. <\/p>\n\n<p>El Usuario se compromete a respetar los derechos de propiedad intelectual e industrial de Sicvng jardiner\u00eda. Podr\u00e1 visualizar los elementos del Sitio Web o incluso imprimirlos, copiarlos y almacenarlos en el disco duro de su ordenador o en cualquier otro soporte f\u00edsico siempre que sea, exclusivamente, para su uso personal. Sin embargo, el Usuario no podr\u00e1 suprimir, alterar, o manipular cualquier dispositivo de protecci\u00f3n o sistema de seguridad que estuviera instalado en el Sitio Web.  <\/p>\n\n<p>En caso de que el Usuario o tercero considere que cualquiera de los Contenidos del Sitio Web suponga una violaci\u00f3n de los derechos de protecci\u00f3n de la propiedad intelectual, deber\u00e1 comunicarlo inmediatamente a Sicvng jardineria a trav\u00e9s de los datos de contacto del apartado de INFORMACI\u00d3N GENERAL de este Aviso Legal y Condiciones Generales de Uso.<\/p>\n\n<h3 class=\"wp-block-heading\">VI. ACCIONES LEGALES, LEGISLACI\u00d3N APLICABLE Y JURISDICCI\u00d3N <\/h3>\n\n<p>Sicvng jardineriaes reserva la facultad de presentar las acciones civiles o penales que considere necesarias por la utilizaci\u00f3n indebida del Sitio Web y Contenidos, o por el incumplimiento de las presentes Condiciones.<\/p>\n\n<p>La relaci\u00f3n entre el Usuario ySicvng jardineriaes regir\u00e1 por la normativa vigente y aplicable al territorio espa\u00f1ol. Si surge cualquier controversia en relaci\u00f3n con la interpretaci\u00f3n y\/o aplicaci\u00f3n de estas Condiciones, las partes someter\u00e1n sus conflictos a la jurisdicci\u00f3n ordinaria someti\u00e9ndose a los jueces y tribunales que correspondan de acuerdo con el derecho. <\/p>\n\n<p>Este documento de Aviso Legal y Condiciones Generales de uso del sitio web ha sido creado mediante el generador de <a href=\"https:\/\/textos-legales.edgartamarit.com\/\">plantilla de aviso legal y condiciones de uso<\/a> online el d\u00eda 01\/08\/2024.<\/p>\n","protected":false},"excerpt":{"rendered":"<p>www.sticvng.com I. INFORMACI\u00d3N GENERAL En cumplimiento con el deber de informaci\u00f3n dispuesto en la Ley 34\/2002 de Servicios de la Sociedad de la Informaci\u00f3n y el<span class=\"excerpt-hellip\"> [\u2026]<\/span><\/p>\n","protected":false},"author":1,"featured_media":0,"parent":0,"menu_order":0,"comment_status":"closed","ping_status":"closed","template":"","meta":{"om_disable_all_campaigns":false,"_monsterinsights_skip_tracking":false,"_monsterinsights_sitenote_active":false,"_monsterinsights_sitenote_note":"","_monsterinsights_sitenote_category":0,"footnotes":""},"class_list":["post-211","page","type-page","status-publish","hentry"],"aioseo_notices":[],"_links":{"self":[{"href":"https:\/\/sticvng.cat\/es\/wp-json\/wp\/v2\/pages\/211","targetHints":{"allow":["GET"]}}],"collection":[{"href":"https:\/\/sticvng.cat\/es\/wp-json\/wp\/v2\/pages"}],"about":[{"href":"https:\/\/sticvng.cat\/es\/wp-json\/wp\/v2\/types\/page"}],"author":[{"embeddable":true,"href":"https:\/\/sticvng.cat\/es\/wp-json\/wp\/v2\/users\/1"}],"replies":[{"embeddable":true,"href":"https:\/\/sticvng.cat\/es\/wp-json\/wp\/v2\/comments?post=211"}],"version-history":[{"count":1,"href":"https:\/\/sticvng.cat\/es\/wp-json\/wp\/v2\/pages\/211\/revisions"}],"predecessor-version":[{"id":212,"href":"https:\/\/sticvng.cat\/es\/wp-json\/wp\/v2\/pages\/211\/revisions\/212"}],"wp:attachment":[{"href":"https:\/\/sticvng.cat\/es\/wp-json\/wp\/v2\/media?parent=211"}],"curies":[{"name":"wp","href":"https:\/\/api.w.org\/{rel}","templated":true}]}}